{"id":923,"date":"2018-03-27T13:28:36","date_gmt":"2018-03-27T10:28:36","guid":{"rendered":"https:\/\/www.lilleplast.ee\/?page_id=923"},"modified":"2018-03-27T13:28:36","modified_gmt":"2018-03-27T10:28:36","slug":"par-mums","status":"publish","type":"page","link":"https:\/\/www.lilleplast.ee\/lv\/par-mums\/","title":{"rendered":"Par mums"},"content":{"rendered":"<div class=\"wpb-content-wrapper\">[vc_row css=&#8221;.vc_custom_1516106733938{margin-bottom: 30px !important;}&#8221;][vc_column][vc_column_text]Laipni l\u016bdzam <em>Lilleplast.ee<\/em> vietn\u0113! M\u016bsu uz\u0146\u0113muma galven\u0101s v\u0113rt\u012bbas ir atv\u0113rt\u012bba, progress un aizraut\u012bba ar savu nodarbo\u0161anos. Uz\u0146\u0113mums uzs\u0101ka darb\u012bbu 1987.\u00a0gad\u0101, un t\u0101 galven\u0101 darb\u012bbas joma ir kvalitat\u012bvu numura z\u012bmju pamat\u0146u ra\u017eo\u0161ana no iztur\u012bgas ABS plastmasas. P\u0113c pas\u016bt\u012bjuma varam izgatavot pamatnes ar\u012b no citu veidu plastmas\u0101m.[\/vc_column_text][\/vc_column][\/vc_row][vc_row][vc_column width=&#8221;1\/3&#8243; css=&#8221;.vc_custom_1516106628788{margin-bottom: 25px !important;}&#8221;][vc_single_image image=&#8221;883&#8243; img_size=&#8221;250&#215;250&#8243; alignment=&#8221;center&#8221; css=&#8221;.vc_custom_1517811178792{margin-bottom: 10px !important;}&#8221;][vc_column_text]\n<p style=\"text-align: center;\"><strong>Pille Vare<\/strong><br \/>\nP\u0101rdo\u0161anas vad\u012bt\u0101js<br \/>\n+372 503 2656<br \/>\ninfo@lilleplast.ee<\/p>\n[\/vc_column_text][\/vc_column][vc_column width=&#8221;1\/3&#8243; css=&#8221;.vc_custom_1516106647229{margin-bottom: 25px !important;}&#8221;][vc_single_image image=&#8221;888&#8243; img_size=&#8221;250&#215;250&#8243; alignment=&#8221;center&#8221; css=&#8221;.vc_custom_1517811217950{margin-bottom: 10px !important;}&#8221;][vc_column_text]\n<p style=\"text-align: center;\"><strong>Gert M\u00e4ev\u00e4li<\/strong><br \/>\nValdes loceklis<br \/>\n+372 525 1742<br \/>\ngert@lilleplast.ee<\/p>\n[\/vc_column_text][\/vc_column][vc_column width=&#8221;1\/3&#8243; css=&#8221;.vc_custom_1516106658062{margin-bottom: 25px !important;}&#8221;][\/vc_column][\/vc_row]\n<\/div>","protected":false},"excerpt":{"rendered":"<p>[vc_row css=&#8221;.vc_custom_1516106733938{margin-bottom: 30px !important;}&#8221;][vc_column][vc_column_text]Laipni l\u016bdzam Lilleplast.ee vietn\u0113! M\u016bsu uz\u0146\u0113muma galven\u0101s v\u0113rt\u012bbas ir atv\u0113rt\u012bba, progress un aizraut\u012bba ar savu nodarbo\u0161anos. Uz\u0146\u0113mums uzs\u0101ka darb\u012bbu 1987.\u00a0gad\u0101, un t\u0101 galven\u0101 darb\u012bbas joma ir kvalitat\u012bvu numura z\u012bmju pamat\u0146u ra\u017eo\u0161ana no iztur\u012bgas ABS plastmasas. P\u0113c pas\u016bt\u012bjuma varam izgatavot pamatnes ar\u012b no citu veidu plastmas\u0101m.[\/vc_column_text][\/vc_column][\/vc_row][vc_row][vc_column width=&#8221;1\/3&#8243; css=&#8221;.vc_custom_1516106628788{margin-bottom: 25px !important;}&#8221;][vc_single_image image=&#8221;883&#8243; img_size=&#8221;250&#215;250&#8243; alignment=&#8221;center&#8221;&#8230;<\/p>\n","protected":false},"author":1,"featured_media":0,"parent":0,"menu_order":0,"comment_status":"closed","ping_status":"closed","template":"","meta":{"footnotes":""},"class_list":["post-923","page","type-page","status-publish","hentry"],"yoast_head":"<!-- This site is optimized with the Yoast SEO plugin v27.3 - https:\/\/yoast.com\/product\/yoast-seo-wordpress\/ -->\n<title>Par mums | Lilleplast | Eesti juhtiv numbrialuste tootja<\/title>\n<meta name=\"description\" content=\"Lilleplast tegeleb numbrim\u00e4rgialuste tootmisega. Oleme Eesti juhtiv numbrialuste tootja kasutades p\u00f5hjamaisele kliimale m\u00f5eldud ABS plastikut. Uuri lisa siit\" \/>\n<meta name=\"robots\" content=\"index, follow, max-snippet:-1, max-image-preview:large, max-video-preview:-1\" \/>\n<link rel=\"canonical\" href=\"https:\/\/www.lilleplast.ee\/lv\/par-mums\/\" \/>\n<meta property=\"og:locale\" content=\"lv_LV\" \/>\n<meta property=\"og:type\" content=\"article\" \/>\n<meta property=\"og:title\" content=\"Par mums | Lilleplast | Eesti juhtiv numbrialuste tootja\" \/>\n<meta property=\"og:description\" content=\"Lilleplast tegeleb numbrim\u00e4rgialuste tootmisega. Oleme Eesti juhtiv numbrialuste tootja kasutades p\u00f5hjamaisele kliimale m\u00f5eldud ABS plastikut. Uuri lisa siit\" \/>\n<meta property=\"og:url\" content=\"https:\/\/www.lilleplast.ee\/lv\/par-mums\/\" \/>\n<meta property=\"og:site_name\" content=\"Lilleplast | Eesti juhtiv numbrialuste tootja\" \/>\n<meta name=\"twitter:card\" content=\"summary_large_image\" \/>\n<meta name=\"twitter:label1\" content=\"Est. reading time\" \/>\n\t<meta name=\"twitter:data1\" content=\"1 minute\" \/>\n<script type=\"application\/ld+json\" class=\"yoast-schema-graph\">{\"@context\":\"https:\\\/\\\/schema.org\",\"@graph\":[{\"@type\":\"WebPage\",\"@id\":\"https:\\\/\\\/www.lilleplast.ee\\\/lv\\\/par-mums\\\/\",\"url\":\"https:\\\/\\\/www.lilleplast.ee\\\/lv\\\/par-mums\\\/\",\"name\":\"Par mums | Lilleplast | Eesti juhtiv numbrialuste tootja\",\"isPartOf\":{\"@id\":\"https:\\\/\\\/lilleplast.ee\\\/#website\"},\"datePublished\":\"2018-03-27T10:28:36+00:00\",\"description\":\"Lilleplast tegeleb numbrim\u00e4rgialuste tootmisega. Oleme Eesti juhtiv numbrialuste tootja kasutades p\u00f5hjamaisele kliimale m\u00f5eldud ABS plastikut. Uuri lisa siit\",\"breadcrumb\":{\"@id\":\"https:\\\/\\\/www.lilleplast.ee\\\/lv\\\/par-mums\\\/#breadcrumb\"},\"inLanguage\":\"lv-LV\",\"potentialAction\":[{\"@type\":\"ReadAction\",\"target\":[\"https:\\\/\\\/www.lilleplast.ee\\\/lv\\\/par-mums\\\/\"]}]},{\"@type\":\"BreadcrumbList\",\"@id\":\"https:\\\/\\\/www.lilleplast.ee\\\/lv\\\/par-mums\\\/#breadcrumb\",\"itemListElement\":[{\"@type\":\"ListItem\",\"position\":1,\"name\":\"Home\",\"item\":\"https:\\\/\\\/www.lilleplast.ee\\\/lv\\\/\"},{\"@type\":\"ListItem\",\"position\":2,\"name\":\"Par mums\"}]},{\"@type\":\"WebSite\",\"@id\":\"https:\\\/\\\/lilleplast.ee\\\/#website\",\"url\":\"https:\\\/\\\/lilleplast.ee\\\/\",\"name\":\"Lilleplast | Eesti juhtiv numbrialuste tootja\",\"description\":\"Eesti juhtiv numbrialuste tootja\",\"potentialAction\":[{\"@type\":\"SearchAction\",\"target\":{\"@type\":\"EntryPoint\",\"urlTemplate\":\"https:\\\/\\\/lilleplast.ee\\\/?s={search_term_string}\"},\"query-input\":{\"@type\":\"PropertyValueSpecification\",\"valueRequired\":true,\"valueName\":\"search_term_string\"}}],\"inLanguage\":\"lv-LV\"}]}<\/script>\n<!-- \/ Yoast SEO plugin. -->","yoast_head_json":{"title":"Par mums | Lilleplast | Eesti juhtiv numbrialuste tootja","description":"Lilleplast tegeleb numbrim\u00e4rgialuste tootmisega. Oleme Eesti juhtiv numbrialuste tootja kasutades p\u00f5hjamaisele kliimale m\u00f5eldud ABS plastikut. Uuri lisa siit","robots":{"index":"index","follow":"follow","max-snippet":"max-snippet:-1","max-image-preview":"max-image-preview:large","max-video-preview":"max-video-preview:-1"},"canonical":"https:\/\/www.lilleplast.ee\/lv\/par-mums\/","og_locale":"lv_LV","og_type":"article","og_title":"Par mums | Lilleplast | Eesti juhtiv numbrialuste tootja","og_description":"Lilleplast tegeleb numbrim\u00e4rgialuste tootmisega. Oleme Eesti juhtiv numbrialuste tootja kasutades p\u00f5hjamaisele kliimale m\u00f5eldud ABS plastikut. Uuri lisa siit","og_url":"https:\/\/www.lilleplast.ee\/lv\/par-mums\/","og_site_name":"Lilleplast | Eesti juhtiv numbrialuste tootja","twitter_card":"summary_large_image","twitter_misc":{"Est. reading time":"1 minute"},"schema":{"@context":"https:\/\/schema.org","@graph":[{"@type":"WebPage","@id":"https:\/\/www.lilleplast.ee\/lv\/par-mums\/","url":"https:\/\/www.lilleplast.ee\/lv\/par-mums\/","name":"Par mums | Lilleplast | Eesti juhtiv numbrialuste tootja","isPartOf":{"@id":"https:\/\/lilleplast.ee\/#website"},"datePublished":"2018-03-27T10:28:36+00:00","description":"Lilleplast tegeleb numbrim\u00e4rgialuste tootmisega. Oleme Eesti juhtiv numbrialuste tootja kasutades p\u00f5hjamaisele kliimale m\u00f5eldud ABS plastikut. Uuri lisa siit","breadcrumb":{"@id":"https:\/\/www.lilleplast.ee\/lv\/par-mums\/#breadcrumb"},"inLanguage":"lv-LV","potentialAction":[{"@type":"ReadAction","target":["https:\/\/www.lilleplast.ee\/lv\/par-mums\/"]}]},{"@type":"BreadcrumbList","@id":"https:\/\/www.lilleplast.ee\/lv\/par-mums\/#breadcrumb","itemListElement":[{"@type":"ListItem","position":1,"name":"Home","item":"https:\/\/www.lilleplast.ee\/lv\/"},{"@type":"ListItem","position":2,"name":"Par mums"}]},{"@type":"WebSite","@id":"https:\/\/lilleplast.ee\/#website","url":"https:\/\/lilleplast.ee\/","name":"Lilleplast | Eesti juhtiv numbrialuste tootja","description":"Eesti juhtiv numbrialuste tootja","potentialAction":[{"@type":"SearchAction","target":{"@type":"EntryPoint","urlTemplate":"https:\/\/lilleplast.ee\/?s={search_term_string}"},"query-input":{"@type":"PropertyValueSpecification","valueRequired":true,"valueName":"search_term_string"}}],"inLanguage":"lv-LV"}]}},"_links":{"self":[{"href":"https:\/\/www.lilleplast.ee\/lv\/wp-json\/wp\/v2\/pages\/923","targetHints":{"allow":["GET"]}}],"collection":[{"href":"https:\/\/www.lilleplast.ee\/lv\/wp-json\/wp\/v2\/pages"}],"about":[{"href":"https:\/\/www.lilleplast.ee\/lv\/wp-json\/wp\/v2\/types\/page"}],"author":[{"embeddable":true,"href":"https:\/\/www.lilleplast.ee\/lv\/wp-json\/wp\/v2\/users\/1"}],"replies":[{"embeddable":true,"href":"https:\/\/www.lilleplast.ee\/lv\/wp-json\/wp\/v2\/comments?post=923"}],"version-history":[{"count":1,"href":"https:\/\/www.lilleplast.ee\/lv\/wp-json\/wp\/v2\/pages\/923\/revisions"}],"predecessor-version":[{"id":924,"href":"https:\/\/www.lilleplast.ee\/lv\/wp-json\/wp\/v2\/pages\/923\/revisions\/924"}],"wp:attachment":[{"href":"https:\/\/www.lilleplast.ee\/lv\/wp-json\/wp\/v2\/media?parent=923"}],"curies":[{"name":"wp","href":"https:\/\/api.w.org\/{rel}","templated":true}]}}