{"id":913,"date":"2018-03-27T13:26:44","date_gmt":"2018-03-27T10:26:44","guid":{"rendered":"https:\/\/www.lilleplast.ee\/?page_id=913"},"modified":"2018-03-27T13:26:44","modified_gmt":"2018-03-27T10:26:44","slug":"numura-zimju-pamatnes-apdruka","status":"publish","type":"page","link":"https:\/\/www.lilleplast.ee\/lv\/preces\/numura-zimju-pamatnes-apdruka\/","title":{"rendered":"Numura z\u012bmju pamatnes apdruka"},"content":{"rendered":"<div class=\"wpb-content-wrapper\">[vc_row][vc_column][vc_column_text]Numura z\u012bmju pamatnes apdrukai ir nepiecie\u0161ama inform\u0101cija (logotips, rekl\u0101mas teksts u.\u00a0c.) vektorgrafikas form\u0101t\u0101 (ai, cdr). Inform\u0101ciju varat nos\u016bt\u012bt ar\u012b pdf form\u0101t\u0101. M\u0113s varam izstr\u0101d\u0101t ar\u012b individu\u0101lu dizainu.[\/vc_column_text][\/vc_column][\/vc_row][vc_row][vc_column][vc_gallery type=&#8221;image_grid&#8221; images=&#8221;212,216,220,224,228,232&#8243; img_size=&#8221;250&#215;140&#8243;][\/vc_column][\/vc_row]\n<\/div>","protected":false},"excerpt":{"rendered":"<p>[vc_row][vc_column][vc_column_text]Numura z\u012bmju pamatnes apdrukai ir nepiecie\u0161ama inform\u0101cija (logotips, rekl\u0101mas teksts u.\u00a0c.) vektorgrafikas form\u0101t\u0101 (ai, cdr). Inform\u0101ciju varat nos\u016bt\u012bt ar\u012b pdf form\u0101t\u0101. M\u0113s varam izstr\u0101d\u0101t ar\u012b individu\u0101lu dizainu.[\/vc_column_text][\/vc_column][\/vc_row][vc_row][vc_column][vc_gallery type=&#8221;image_grid&#8221; images=&#8221;212,216,220,224,228,232&#8243; img_size=&#8221;250&#215;140&#8243;][\/vc_column][\/vc_row]<\/p>\n","protected":false},"author":1,"featured_media":0,"parent":904,"menu_order":0,"comment_status":"closed","ping_status":"closed","template":"","meta":{"footnotes":""},"class_list":["post-913","page","type-page","status-publish","hentry"],"yoast_head":"<!-- This site is optimized with the Yoast SEO plugin v27.3 - https:\/\/yoast.com\/product\/yoast-seo-wordpress\/ -->\n<title>Numura z\u012bmju pamatnes apdruka | Lilleplast | Eesti juhtiv numbrialuste tootja<\/title>\n<meta name=\"description\" content=\"Lilleplast tegeleb numbrim\u00e4rgialuste tootmisega. Oleme Eesti juhtiv numbrialuste tootja kasutades p\u00f5hjamaisele kliimale m\u00f5eldud ABS plastikut. Uuri lisa siit\" \/>\n<meta name=\"robots\" content=\"index, follow, max-snippet:-1, max-image-preview:large, max-video-preview:-1\" \/>\n<link rel=\"canonical\" href=\"https:\/\/www.lilleplast.ee\/lv\/preces\/numura-zimju-pamatnes-apdruka\/\" \/>\n<meta property=\"og:locale\" content=\"lv_LV\" \/>\n<meta property=\"og:type\" content=\"article\" \/>\n<meta property=\"og:title\" content=\"Numura z\u012bmju pamatnes apdruka | Lilleplast | Eesti juhtiv numbrialuste tootja\" \/>\n<meta property=\"og:description\" content=\"Lilleplast tegeleb numbrim\u00e4rgialuste tootmisega. Oleme Eesti juhtiv numbrialuste tootja kasutades p\u00f5hjamaisele kliimale m\u00f5eldud ABS plastikut. Uuri lisa siit\" \/>\n<meta property=\"og:url\" content=\"https:\/\/www.lilleplast.ee\/lv\/preces\/numura-zimju-pamatnes-apdruka\/\" \/>\n<meta property=\"og:site_name\" content=\"Lilleplast | Eesti juhtiv numbrialuste tootja\" \/>\n<meta name=\"twitter:card\" content=\"summary_large_image\" \/>\n<script type=\"application\/ld+json\" class=\"yoast-schema-graph\">{\"@context\":\"https:\\\/\\\/schema.org\",\"@graph\":[{\"@type\":\"WebPage\",\"@id\":\"https:\\\/\\\/www.lilleplast.ee\\\/lv\\\/preces\\\/numura-zimju-pamatnes-apdruka\\\/\",\"url\":\"https:\\\/\\\/www.lilleplast.ee\\\/lv\\\/preces\\\/numura-zimju-pamatnes-apdruka\\\/\",\"name\":\"Numura z\u012bmju pamatnes apdruka | Lilleplast | Eesti juhtiv numbrialuste tootja\",\"isPartOf\":{\"@id\":\"https:\\\/\\\/lilleplast.ee\\\/#website\"},\"datePublished\":\"2018-03-27T10:26:44+00:00\",\"description\":\"Lilleplast tegeleb numbrim\u00e4rgialuste tootmisega. Oleme Eesti juhtiv numbrialuste tootja kasutades p\u00f5hjamaisele kliimale m\u00f5eldud ABS plastikut. Uuri lisa siit\",\"breadcrumb\":{\"@id\":\"https:\\\/\\\/www.lilleplast.ee\\\/lv\\\/preces\\\/numura-zimju-pamatnes-apdruka\\\/#breadcrumb\"},\"inLanguage\":\"lv-LV\",\"potentialAction\":[{\"@type\":\"ReadAction\",\"target\":[\"https:\\\/\\\/www.lilleplast.ee\\\/lv\\\/preces\\\/numura-zimju-pamatnes-apdruka\\\/\"]}]},{\"@type\":\"BreadcrumbList\",\"@id\":\"https:\\\/\\\/www.lilleplast.ee\\\/lv\\\/preces\\\/numura-zimju-pamatnes-apdruka\\\/#breadcrumb\",\"itemListElement\":[{\"@type\":\"ListItem\",\"position\":1,\"name\":\"Home\",\"item\":\"https:\\\/\\\/www.lilleplast.ee\\\/lv\\\/\"},{\"@type\":\"ListItem\",\"position\":2,\"name\":\"Preces\",\"item\":\"https:\\\/\\\/www.lilleplast.ee\\\/lv\\\/preces\\\/\"},{\"@type\":\"ListItem\",\"position\":3,\"name\":\"Numura z\u012bmju pamatnes apdruka\"}]},{\"@type\":\"WebSite\",\"@id\":\"https:\\\/\\\/lilleplast.ee\\\/#website\",\"url\":\"https:\\\/\\\/lilleplast.ee\\\/\",\"name\":\"Lilleplast | Eesti juhtiv numbrialuste tootja\",\"description\":\"Eesti juhtiv numbrialuste tootja\",\"potentialAction\":[{\"@type\":\"SearchAction\",\"target\":{\"@type\":\"EntryPoint\",\"urlTemplate\":\"https:\\\/\\\/lilleplast.ee\\\/?s={search_term_string}\"},\"query-input\":{\"@type\":\"PropertyValueSpecification\",\"valueRequired\":true,\"valueName\":\"search_term_string\"}}],\"inLanguage\":\"lv-LV\"}]}<\/script>\n<!-- \/ Yoast SEO plugin. -->","yoast_head_json":{"title":"Numura z\u012bmju pamatnes apdruka | Lilleplast | Eesti juhtiv numbrialuste tootja","description":"Lilleplast tegeleb numbrim\u00e4rgialuste tootmisega. Oleme Eesti juhtiv numbrialuste tootja kasutades p\u00f5hjamaisele kliimale m\u00f5eldud ABS plastikut. Uuri lisa siit","robots":{"index":"index","follow":"follow","max-snippet":"max-snippet:-1","max-image-preview":"max-image-preview:large","max-video-preview":"max-video-preview:-1"},"canonical":"https:\/\/www.lilleplast.ee\/lv\/preces\/numura-zimju-pamatnes-apdruka\/","og_locale":"lv_LV","og_type":"article","og_title":"Numura z\u012bmju pamatnes apdruka | Lilleplast | Eesti juhtiv numbrialuste tootja","og_description":"Lilleplast tegeleb numbrim\u00e4rgialuste tootmisega. Oleme Eesti juhtiv numbrialuste tootja kasutades p\u00f5hjamaisele kliimale m\u00f5eldud ABS plastikut. Uuri lisa siit","og_url":"https:\/\/www.lilleplast.ee\/lv\/preces\/numura-zimju-pamatnes-apdruka\/","og_site_name":"Lilleplast | Eesti juhtiv numbrialuste tootja","twitter_card":"summary_large_image","schema":{"@context":"https:\/\/schema.org","@graph":[{"@type":"WebPage","@id":"https:\/\/www.lilleplast.ee\/lv\/preces\/numura-zimju-pamatnes-apdruka\/","url":"https:\/\/www.lilleplast.ee\/lv\/preces\/numura-zimju-pamatnes-apdruka\/","name":"Numura z\u012bmju pamatnes apdruka | Lilleplast | Eesti juhtiv numbrialuste tootja","isPartOf":{"@id":"https:\/\/lilleplast.ee\/#website"},"datePublished":"2018-03-27T10:26:44+00:00","description":"Lilleplast tegeleb numbrim\u00e4rgialuste tootmisega. Oleme Eesti juhtiv numbrialuste tootja kasutades p\u00f5hjamaisele kliimale m\u00f5eldud ABS plastikut. Uuri lisa siit","breadcrumb":{"@id":"https:\/\/www.lilleplast.ee\/lv\/preces\/numura-zimju-pamatnes-apdruka\/#breadcrumb"},"inLanguage":"lv-LV","potentialAction":[{"@type":"ReadAction","target":["https:\/\/www.lilleplast.ee\/lv\/preces\/numura-zimju-pamatnes-apdruka\/"]}]},{"@type":"BreadcrumbList","@id":"https:\/\/www.lilleplast.ee\/lv\/preces\/numura-zimju-pamatnes-apdruka\/#breadcrumb","itemListElement":[{"@type":"ListItem","position":1,"name":"Home","item":"https:\/\/www.lilleplast.ee\/lv\/"},{"@type":"ListItem","position":2,"name":"Preces","item":"https:\/\/www.lilleplast.ee\/lv\/preces\/"},{"@type":"ListItem","position":3,"name":"Numura z\u012bmju pamatnes apdruka"}]},{"@type":"WebSite","@id":"https:\/\/lilleplast.ee\/#website","url":"https:\/\/lilleplast.ee\/","name":"Lilleplast | Eesti juhtiv numbrialuste tootja","description":"Eesti juhtiv numbrialuste tootja","potentialAction":[{"@type":"SearchAction","target":{"@type":"EntryPoint","urlTemplate":"https:\/\/lilleplast.ee\/?s={search_term_string}"},"query-input":{"@type":"PropertyValueSpecification","valueRequired":true,"valueName":"search_term_string"}}],"inLanguage":"lv-LV"}]}},"_links":{"self":[{"href":"https:\/\/www.lilleplast.ee\/lv\/wp-json\/wp\/v2\/pages\/913","targetHints":{"allow":["GET"]}}],"collection":[{"href":"https:\/\/www.lilleplast.ee\/lv\/wp-json\/wp\/v2\/pages"}],"about":[{"href":"https:\/\/www.lilleplast.ee\/lv\/wp-json\/wp\/v2\/types\/page"}],"author":[{"embeddable":true,"href":"https:\/\/www.lilleplast.ee\/lv\/wp-json\/wp\/v2\/users\/1"}],"replies":[{"embeddable":true,"href":"https:\/\/www.lilleplast.ee\/lv\/wp-json\/wp\/v2\/comments?post=913"}],"version-history":[{"count":1,"href":"https:\/\/www.lilleplast.ee\/lv\/wp-json\/wp\/v2\/pages\/913\/revisions"}],"predecessor-version":[{"id":914,"href":"https:\/\/www.lilleplast.ee\/lv\/wp-json\/wp\/v2\/pages\/913\/revisions\/914"}],"up":[{"embeddable":true,"href":"https:\/\/www.lilleplast.ee\/lv\/wp-json\/wp\/v2\/pages\/904"}],"wp:attachment":[{"href":"https:\/\/www.lilleplast.ee\/lv\/wp-json\/wp\/v2\/media?parent=913"}],"curies":[{"name":"wp","href":"https:\/\/api.w.org\/{rel}","templated":true}]}}