{"id":898,"date":"2018-03-27T13:21:33","date_gmt":"2018-03-27T10:21:33","guid":{"rendered":"https:\/\/www.lilleplast.ee\/?page_id=898"},"modified":"2018-03-27T14:14:51","modified_gmt":"2018-03-27T11:14:51","slug":"galvena-lapa","status":"publish","type":"page","link":"https:\/\/www.lilleplast.ee\/lv\/","title":{"rendered":"Galven\u0101 lapa"},"content":{"rendered":"<div class=\"wpb-content-wrapper\">[vc_row el_class=&#8221;slaider&#8221;][vc_column][rev_slider_vc alias=&#8221;lv&#8221;][\/vc_column][\/vc_row][vc_row css=&#8221;.vc_custom_1515948701065{margin-bottom: 90px !important;}&#8221;][vc_column][vc_column_text]<div class=\"carousel-slider-outer carousel-slider-outer-image-carousel-url carousel-slider-outer-1052\" style=\"--carousel-slider-nav-color:#ffffff;--carousel-slider-active-nav-color:#f2f2f2;--carousel-slider-arrow-size:40px;--carousel-slider-bullet-size:10px\">\n<div id=\"&#039;id-1052\" class=\"carousel-slider carousel-slider-1052 arrows-visibility-always dots-visibility-never arrows-outside dots-center dots-square owl-carousel\" data-slide-type=\"image-carousel-url\" data-owl-settings='{\"nav\":true,\"dots\":false,\"slideBy\":1,\"stagePadding\":20,\"margin\":30,\"loop\":true,\"lazyLoad\":false,\"autoplay\":false,\"autoplayTimeout\":5000,\"autoplaySpeed\":500,\"autoplayHoverPause\":false,\"autoWidth\":false,\"responsive\":{\"300\":{\"items\":1},\"576\":{\"items\":2},\"768\":{\"items\":2},\"1024\":{\"items\":3},\"1280\":{\"items\":4},\"1536\":{\"items\":5}}}'>\n<div class=\"carousel-slider__item\">\n\t<a href=\"https:\/\/www.lilleplast.ee\/lv\/preces\/igaunijas-es-numura-zimju-pamatnes\/\" target=\"_self\"><img decoding=\"async\" alt=\"Igaunijas\/ES numura z\u012bmju pamatnes\" src=\"https:\/\/www.lilleplast.ee\/wp-content\/uploads\/2018\/01\/numbrialused-est.png\" \/><div class=\"carousel-slider__caption\"><h4 class=\"title\">Igaunijas\/ES numura z\u012bmju pamatnes<\/h4><\/div><\/a><\/div>\n<div class=\"carousel-slider__item\">\n\t<a href=\"https:\/\/www.lilleplast.ee\/lv\/preces\/somijas-numura-zimju-pamatnes\/\" target=\"_self\"><img decoding=\"async\" alt=\"Somijas numura z\u012bmju pamatnes\" src=\"https:\/\/www.lilleplast.ee\/wp-content\/uploads\/2018\/01\/numbrialused-fin.png\" \/><div class=\"carousel-slider__caption\"><h4 class=\"title\">Somijas numura z\u012bmju pamatnes<\/h4><\/div><\/a><\/div>\n<div class=\"carousel-slider__item\">\n\t<a href=\"https:\/\/www.lilleplast.ee\/lv\/preces\/asv-numura-zimju-pamatnes\/\" target=\"_self\"><img decoding=\"async\" alt=\"\" src=\"https:\/\/www.lilleplast.ee\/wp-content\/uploads\/2018\/01\/numbrialused-usa.png\" \/><div class=\"carousel-slider__caption\"><h4 class=\"title\">ASV numura z\u012bmju pamatnes<\/h4><\/div><\/a><\/div>\n<div class=\"carousel-slider__item\">\n\t<a href=\"https:\/\/www.lilleplast.ee\/lv\/preces\/motociklu-numura-zimju-pamatnes\/\" target=\"_self\"><img decoding=\"async\" alt=\"Motociklu numura z\u012bmju pamatnes\" src=\"https:\/\/www.lilleplast.ee\/wp-content\/uploads\/2018\/01\/mootorratta-numbrialused.png\" \/><div class=\"carousel-slider__caption\"><h4 class=\"title\">Motociklu numura z\u012bmju pamatnes<\/h4><\/div><\/a><\/div>\n<div class=\"carousel-slider__item\">\n\t<a href=\"https:\/\/www.lilleplast.ee\/lv\/preces\/kravas-automasinu-numura-zimju-pamatnes\/\" target=\"_self\"><img decoding=\"async\" alt=\"Kravas automa\u0161\u012bnu numura z\u012bmju pamatnes\" src=\"https:\/\/www.lilleplast.ee\/wp-content\/uploads\/2018\/01\/numbrialused-est.png\" \/><div class=\"carousel-slider__caption\"><h4 class=\"title\">Kravas automa\u0161\u012bnu numura z\u012bmju pamatnes<\/h4><\/div><\/a><\/div>\n<div class=\"carousel-slider__item\">\n\t<a href=\"https:\/\/www.lilleplast.ee\/lv\/preces\/numura-zimju-pamatnes-apdruka\/\" target=\"_self\"><img decoding=\"async\" alt=\"Numura z\u012bmju pamatnes apdruka\" src=\"https:\/\/www.lilleplast.ee\/wp-content\/uploads\/2018\/01\/numbrimargialuste-trukk.png\" \/><div class=\"carousel-slider__caption\"><h4 class=\"title\">Numura z\u012bmju pamatnes apdruka<\/h4><\/div><\/a><\/div>\n<div class=\"carousel-slider__item\">\n\t<a href=\"https:\/\/www.lilleplast.ee\/lv\/preces\/apdrukata-plastmasas-numura-zime\/\" target=\"_self\"><img decoding=\"async\" alt=\"Apdruk\u0101ta plastmasas numura z\u012bme\" src=\"https:\/\/www.lilleplast.ee\/wp-content\/uploads\/2018\/01\/rinta-jouppi.png\" \/><div class=\"carousel-slider__caption\"><h4 class=\"title\">Apdruk\u0101ta plastmasas numura z\u012bme<\/h4><\/div><\/a><\/div>\n<div class=\"carousel-slider__item\">\n\t<a href=\"https:\/\/www.lilleplast.ee\/lv\/preces\/individuali-pasutijumi\/\" target=\"_self\"><img decoding=\"async\" alt=\"Individu\u0101li pas\u016bt\u012bjumi\" src=\"https:\/\/www.lilleplast.ee\/wp-content\/uploads\/2018\/01\/eritellimustood-1.png\" \/><div class=\"carousel-slider__caption\"><h4 class=\"title\">Individu\u0101li pas\u016bt\u012bjumi<\/h4><\/div><\/a><\/div>\n<div class=\"carousel-slider__item\">\n\t<a href=\"https:\/\/www.lilleplast.ee\/lv\/preces\/numura-zimes-ramisi-ar-folijas-iespiedumu\/\" target=\"_self\"><img decoding=\"async\" alt=\"Numura z\u012bmes r\u0101m\u012b\u0161i ar folijas iespiedumu\" src=\"https:\/\/www.lilleplast.ee\/wp-content\/uploads\/2019\/12\/lilleplast-numbrialus.jpg\" \/><div class=\"carousel-slider__caption\"><h4 class=\"title\">Numura z\u012bmes r\u0101m\u012b\u0161i ar folijas iespiedumu<\/h4><\/div><\/a><\/div>\n<\/div><!-- .carousel-slider-1052 -->\n<\/div><!-- .carousel-slider-outer-1052 -->\n[\/vc_column_text][\/vc_column][\/vc_row][vc_row css=&#8221;.vc_custom_1515949120409{margin-bottom: 100px !important;}&#8221;][vc_column width=&#8221;3\/4&#8243;][vc_row_inner][vc_column_inner width=&#8221;1\/6&#8243;][vc_custom_heading text=&#8221;PAR MUMS&#8221; font_container=&#8221;tag:h2|font_size:26px|text_align:left|color:%23ffffff|line_height:30px&#8221; google_fonts=&#8221;font_family:Oswald%3A300%2Cregular%2C700|font_style:400%20regular%3A400%3Anormal&#8221;][\/vc_column_inner][vc_column_inner width=&#8221;5\/6&#8243;][vc_column_text]Uz\u0146\u0113mums uzs\u0101ka darb\u012bbu 1987.\u00a0gad\u0101. M\u016bsu galven\u0101 darb\u012bbas joma ir ar spiedienlie\u0161anas metodi izgatavotu plastmasas deta\u013cu ra\u017eo\u0161ana un p\u0101rdo\u0161ana. Kop\u0161 1995.\u00a0gada m\u016bsu galven\u0101 produkcija ir numura z\u012bmju pamatnes transportl\u012bdzek\u013ciem.[\/vc_column_text][\/vc_column_inner][\/vc_row_inner][vc_row_inner css=&#8221;.vc_custom_1515948935261{margin-top: 15px !important;}&#8221;][vc_column_inner width=&#8221;1\/6&#8243;][\/vc_column_inner][vc_column_inner width=&#8221;2\/3&#8243;][vc_single_image image=&#8221;120&#8243; img_size=&#8221;full&#8221; css=&#8221;.vc_custom_1515948833534{margin-bottom: 20px !important;}&#8221;][\/vc_column_inner][vc_column_inner width=&#8221;1\/6&#8243;][vc_custom_heading text=&#8221;LAS\u012aT T\u0100L\u0100K&#8221; font_container=&#8221;tag:p|font_size:18px|text_align:right|color:%23ff2c2c|line_height:22px&#8221; google_fonts=&#8221;font_family:Quicksand%3A300%2Cregular%2C700|font_style:700%20bold%20regular%3A700%3Anormal&#8221; link=&#8221;url:https%3A%2F%2Fwww.lilleplast.ee%2Flv%2Fpar-mums%2F|||&#8221; css=&#8221;.vc_custom_1522149244427{margin-bottom: 20px !important;}&#8221;][\/vc_column_inner][\/vc_row_inner][\/vc_column][vc_column width=&#8221;1\/4&#8243;][\/vc_column][\/vc_row][vc_row css=&#8221;.vc_custom_1515949824518{margin-bottom: 60px !important;}&#8221;][vc_column width=&#8221;1\/2&#8243;][\/vc_column][vc_column width=&#8221;1\/2&#8243;][vc_row_inner css=&#8221;.vc_custom_1515949205623{margin-bottom: 10px !important;}&#8221;][vc_column_inner width=&#8221;1\/3&#8243; css=&#8221;.vc_custom_1515949194252{margin-bottom: 20px !important;}&#8221;][vc_custom_heading text=&#8221;UZST\u0100D\u012a\u0160ANA&#8221; font_container=&#8221;tag:h2|font_size:26px|text_align:left|color:%23ffffff|line_height:30px&#8221; google_fonts=&#8221;font_family:Oswald%3A300%2Cregular%2C700|font_style:400%20regular%3A400%3Anormal&#8221;][\/vc_column_inner][vc_column_inner width=&#8221;2\/3&#8243;][vc_column_text]M\u016bsu numura z\u012bmju pamat\u0146u uzst\u0101d\u012b\u0161ana aiz\u0146em ne ilg\u0101k par 5\u00a0min\u016bt\u0113m.[\/vc_column_text][\/vc_column_inner][\/vc_row_inner][vc_row_inner css=&#8221;.vc_custom_1515948935261{margin-top: 15px !important;}&#8221;][vc_column_inner width=&#8221;2\/3&#8243;][vc_single_image image=&#8221;125&#8243; img_size=&#8221;full&#8221; css=&#8221;.vc_custom_1515949333381{margin-bottom: 20px !important;}&#8221;][\/vc_column_inner][vc_column_inner width=&#8221;1\/3&#8243;][vc_custom_heading text=&#8221;LAS\u012aT T\u0100L\u0100K&#8221; font_container=&#8221;tag:p|font_size:18px|text_align:right|color:%23ff2c2c|line_height:22px&#8221; google_fonts=&#8221;font_family:Quicksand%3A300%2Cregular%2C700|font_style:700%20bold%20regular%3A700%3Anormal&#8221; link=&#8221;url:https%3A%2F%2Fwww.lilleplast.ee%2Flv%2Finstrukcija%2F|||&#8221; css=&#8221;.vc_custom_1522149268795{margin-bottom: 20px !important;}&#8221;][\/vc_column_inner][\/vc_row_inner][\/vc_column][\/vc_row]\n<\/div>","protected":false},"excerpt":{"rendered":"<p>[vc_row el_class=&#8221;slaider&#8221;][vc_column][rev_slider_vc alias=&#8221;lv&#8221;][\/vc_column][\/vc_row][vc_row css=&#8221;.vc_custom_1515948701065{margin-bottom: 90px !important;}&#8221;][vc_column][vc_column_text][\/vc_column_text][\/vc_column][\/vc_row][vc_row css=&#8221;.vc_custom_1515949120409{margin-bottom: 100px !important;}&#8221;][vc_column width=&#8221;3\/4&#8243;][vc_row_inner][vc_column_inner width=&#8221;1\/6&#8243;][vc_custom_heading text=&#8221;PAR MUMS&#8221; font_container=&#8221;tag:h2|font_size:26px|text_align:left|color:%23ffffff|line_height:30px&#8221; google_fonts=&#8221;font_family:Oswald%3A300%2Cregular%2C700|font_style:400%20regular%3A400%3Anormal&#8221;][\/vc_column_inner][vc_column_inner width=&#8221;5\/6&#8243;][vc_column_text]Uz\u0146\u0113mums uzs\u0101ka darb\u012bbu 1987.\u00a0gad\u0101. M\u016bsu galven\u0101 darb\u012bbas joma ir ar spiedienlie\u0161anas metodi izgatavotu plastmasas deta\u013cu ra\u017eo\u0161ana un p\u0101rdo\u0161ana. Kop\u0161 1995.\u00a0gada m\u016bsu galven\u0101 produkcija ir numura z\u012bmju pamatnes transportl\u012bdzek\u013ciem.[\/vc_column_text][\/vc_column_inner][\/vc_row_inner][vc_row_inner css=&#8221;.vc_custom_1515948935261{margin-top: 15px !important;}&#8221;][vc_column_inner width=&#8221;1\/6&#8243;][\/vc_column_inner][vc_column_inner width=&#8221;2\/3&#8243;][vc_single_image image=&#8221;120&#8243; img_size=&#8221;full&#8221; css=&#8221;.vc_custom_1515948833534{margin-bottom: 20px !important;}&#8221;][\/vc_column_inner][vc_column_inner width=&#8221;1\/6&#8243;][vc_custom_heading text=&#8221;LAS\u012aT&#8230;<\/p>\n","protected":false},"author":1,"featured_media":0,"parent":0,"menu_order":0,"comment_status":"closed","ping_status":"closed","template":"page-full.php","meta":{"footnotes":""},"class_list":["post-898","page","type-page","status-publish","hentry"],"yoast_head":"<!-- This site is optimized with the Yoast SEO plugin v27.3 - https:\/\/yoast.com\/product\/yoast-seo-wordpress\/ -->\n<title>Galven\u0101 lapa | Lilleplast | Eesti juhtiv numbrialuste tootja<\/title>\n<meta name=\"description\" content=\"Lilleplast tegeleb numbrim\u00e4rgialuste tootmisega. Oleme Eesti juhtiv numbrialuste tootja kasutades p\u00f5hjamaisele kliimale m\u00f5eldud ABS plastikut. Uuri lisa siit\" \/>\n<meta name=\"robots\" content=\"index, follow, max-snippet:-1, max-image-preview:large, max-video-preview:-1\" \/>\n<link rel=\"canonical\" href=\"https:\/\/www.lilleplast.ee\/lv\/\" \/>\n<meta property=\"og:locale\" content=\"lv_LV\" \/>\n<meta property=\"og:type\" content=\"article\" \/>\n<meta property=\"og:title\" content=\"Galven\u0101 lapa | Lilleplast | Eesti juhtiv numbrialuste tootja\" \/>\n<meta property=\"og:description\" content=\"Lilleplast tegeleb numbrim\u00e4rgialuste tootmisega. Oleme Eesti juhtiv numbrialuste tootja kasutades p\u00f5hjamaisele kliimale m\u00f5eldud ABS plastikut. Uuri lisa siit\" \/>\n<meta property=\"og:url\" content=\"https:\/\/www.lilleplast.ee\/lv\/\" \/>\n<meta property=\"og:site_name\" content=\"Lilleplast | Eesti juhtiv numbrialuste tootja\" \/>\n<meta property=\"article:modified_time\" content=\"2018-03-27T11:14:51+00:00\" \/>\n<meta name=\"twitter:card\" content=\"summary_large_image\" \/>\n<meta name=\"twitter:label1\" content=\"Est. reading time\" \/>\n\t<meta name=\"twitter:data1\" content=\"2 minutes\" \/>\n<script type=\"application\/ld+json\" class=\"yoast-schema-graph\">{\"@context\":\"https:\\\/\\\/schema.org\",\"@graph\":[{\"@type\":\"WebPage\",\"@id\":\"https:\\\/\\\/www.lilleplast.ee\\\/lv\\\/\",\"url\":\"https:\\\/\\\/www.lilleplast.ee\\\/lv\\\/\",\"name\":\"Galven\u0101 lapa | Lilleplast | Eesti juhtiv numbrialuste tootja\",\"isPartOf\":{\"@id\":\"https:\\\/\\\/lilleplast.ee\\\/#website\"},\"datePublished\":\"2018-03-27T10:21:33+00:00\",\"dateModified\":\"2018-03-27T11:14:51+00:00\",\"description\":\"Lilleplast tegeleb numbrim\u00e4rgialuste tootmisega. Oleme Eesti juhtiv numbrialuste tootja kasutades p\u00f5hjamaisele kliimale m\u00f5eldud ABS plastikut. Uuri lisa siit\",\"breadcrumb\":{\"@id\":\"https:\\\/\\\/www.lilleplast.ee\\\/lv\\\/#breadcrumb\"},\"inLanguage\":\"lv-LV\",\"potentialAction\":[{\"@type\":\"ReadAction\",\"target\":[\"https:\\\/\\\/www.lilleplast.ee\\\/lv\\\/\"]}]},{\"@type\":\"BreadcrumbList\",\"@id\":\"https:\\\/\\\/www.lilleplast.ee\\\/lv\\\/#breadcrumb\",\"itemListElement\":[{\"@type\":\"ListItem\",\"position\":1,\"name\":\"Home\",\"item\":\"https:\\\/\\\/www.lilleplast.ee\\\/lv\\\/\"},{\"@type\":\"ListItem\",\"position\":2,\"name\":\"Galven\u0101 lapa\"}]},{\"@type\":\"WebSite\",\"@id\":\"https:\\\/\\\/lilleplast.ee\\\/#website\",\"url\":\"https:\\\/\\\/lilleplast.ee\\\/\",\"name\":\"Lilleplast | Eesti juhtiv numbrialuste tootja\",\"description\":\"Eesti juhtiv numbrialuste tootja\",\"potentialAction\":[{\"@type\":\"SearchAction\",\"target\":{\"@type\":\"EntryPoint\",\"urlTemplate\":\"https:\\\/\\\/lilleplast.ee\\\/?s={search_term_string}\"},\"query-input\":{\"@type\":\"PropertyValueSpecification\",\"valueRequired\":true,\"valueName\":\"search_term_string\"}}],\"inLanguage\":\"lv-LV\"}]}<\/script>\n<!-- \/ Yoast SEO plugin. -->","yoast_head_json":{"title":"Galven\u0101 lapa | Lilleplast | Eesti juhtiv numbrialuste tootja","description":"Lilleplast tegeleb numbrim\u00e4rgialuste tootmisega. Oleme Eesti juhtiv numbrialuste tootja kasutades p\u00f5hjamaisele kliimale m\u00f5eldud ABS plastikut. Uuri lisa siit","robots":{"index":"index","follow":"follow","max-snippet":"max-snippet:-1","max-image-preview":"max-image-preview:large","max-video-preview":"max-video-preview:-1"},"canonical":"https:\/\/www.lilleplast.ee\/lv\/","og_locale":"lv_LV","og_type":"article","og_title":"Galven\u0101 lapa | Lilleplast | Eesti juhtiv numbrialuste tootja","og_description":"Lilleplast tegeleb numbrim\u00e4rgialuste tootmisega. Oleme Eesti juhtiv numbrialuste tootja kasutades p\u00f5hjamaisele kliimale m\u00f5eldud ABS plastikut. Uuri lisa siit","og_url":"https:\/\/www.lilleplast.ee\/lv\/","og_site_name":"Lilleplast | Eesti juhtiv numbrialuste tootja","article_modified_time":"2018-03-27T11:14:51+00:00","twitter_card":"summary_large_image","twitter_misc":{"Est. reading time":"2 minutes"},"schema":{"@context":"https:\/\/schema.org","@graph":[{"@type":"WebPage","@id":"https:\/\/www.lilleplast.ee\/lv\/","url":"https:\/\/www.lilleplast.ee\/lv\/","name":"Galven\u0101 lapa | Lilleplast | Eesti juhtiv numbrialuste tootja","isPartOf":{"@id":"https:\/\/lilleplast.ee\/#website"},"datePublished":"2018-03-27T10:21:33+00:00","dateModified":"2018-03-27T11:14:51+00:00","description":"Lilleplast tegeleb numbrim\u00e4rgialuste tootmisega. Oleme Eesti juhtiv numbrialuste tootja kasutades p\u00f5hjamaisele kliimale m\u00f5eldud ABS plastikut. Uuri lisa siit","breadcrumb":{"@id":"https:\/\/www.lilleplast.ee\/lv\/#breadcrumb"},"inLanguage":"lv-LV","potentialAction":[{"@type":"ReadAction","target":["https:\/\/www.lilleplast.ee\/lv\/"]}]},{"@type":"BreadcrumbList","@id":"https:\/\/www.lilleplast.ee\/lv\/#breadcrumb","itemListElement":[{"@type":"ListItem","position":1,"name":"Home","item":"https:\/\/www.lilleplast.ee\/lv\/"},{"@type":"ListItem","position":2,"name":"Galven\u0101 lapa"}]},{"@type":"WebSite","@id":"https:\/\/lilleplast.ee\/#website","url":"https:\/\/lilleplast.ee\/","name":"Lilleplast | Eesti juhtiv numbrialuste tootja","description":"Eesti juhtiv numbrialuste tootja","potentialAction":[{"@type":"SearchAction","target":{"@type":"EntryPoint","urlTemplate":"https:\/\/lilleplast.ee\/?s={search_term_string}"},"query-input":{"@type":"PropertyValueSpecification","valueRequired":true,"valueName":"search_term_string"}}],"inLanguage":"lv-LV"}]}},"_links":{"self":[{"href":"https:\/\/www.lilleplast.ee\/lv\/wp-json\/wp\/v2\/pages\/898","targetHints":{"allow":["GET"]}}],"collection":[{"href":"https:\/\/www.lilleplast.ee\/lv\/wp-json\/wp\/v2\/pages"}],"about":[{"href":"https:\/\/www.lilleplast.ee\/lv\/wp-json\/wp\/v2\/types\/page"}],"author":[{"embeddable":true,"href":"https:\/\/www.lilleplast.ee\/lv\/wp-json\/wp\/v2\/users\/1"}],"replies":[{"embeddable":true,"href":"https:\/\/www.lilleplast.ee\/lv\/wp-json\/wp\/v2\/comments?post=898"}],"version-history":[{"count":5,"href":"https:\/\/www.lilleplast.ee\/lv\/wp-json\/wp\/v2\/pages\/898\/revisions"}],"predecessor-version":[{"id":1060,"href":"https:\/\/www.lilleplast.ee\/lv\/wp-json\/wp\/v2\/pages\/898\/revisions\/1060"}],"wp:attachment":[{"href":"https:\/\/www.lilleplast.ee\/lv\/wp-json\/wp\/v2\/media?parent=898"}],"curies":[{"name":"wp","href":"https:\/\/api.w.org\/{rel}","templated":true}]}}