{"id":669,"date":"2018-01-18T15:01:02","date_gmt":"2018-01-18T13:01:02","guid":{"rendered":"https:\/\/www.lilleplast.ee\/?page_id=669"},"modified":"2023-04-19T23:45:03","modified_gmt":"2023-04-19T20:45:03","slug":"suomen-rekisterikilven-taustalevy","status":"publish","type":"page","link":"https:\/\/www.lilleplast.ee\/fi\/tuotteet\/suomen-rekisterikilven-taustalevy\/","title":{"rendered":"Suomen rekisterikilven taustalevy"},"content":{"rendered":"<div class=\"wpb-content-wrapper\">[vc_row][vc_column][vc_column_text]Taustalevy on t\u00e4ydellisesti mitoitettu FIN CAR 2001- matala EU-kilvelle (118&#215;442 mm). Rekisterikilpi kiinnitet\u00e4\u00e4n taustalevyyn ilman ruuveja, joten mukana on my\u00f6s valkoiset peitenapit, jolla rekisterikilven ruuvinrei\u00e4t peitet\u00e4\u00e4n.[\/vc_column_text][vc_gallery type=&#8221;image_grid&#8221; images=&#8221;165,161,169,447&#8243; img_size=&#8221;250&#215;140&#8243;][\/vc_column][\/vc_row]\n<\/div>","protected":false},"excerpt":{"rendered":"<p>[vc_row][vc_column][vc_column_text]Taustalevy on t\u00e4ydellisesti mitoitettu FIN CAR 2001- matala EU-kilvelle (118&#215;442 mm). Rekisterikilpi kiinnitet\u00e4\u00e4n taustalevyyn ilman ruuveja, joten mukana on my\u00f6s valkoiset peitenapit, jolla rekisterikilven ruuvinrei\u00e4t peitet\u00e4\u00e4n.[\/vc_column_text][vc_gallery type=&#8221;image_grid&#8221; images=&#8221;165,161,169,447&#8243; img_size=&#8221;250&#215;140&#8243;][\/vc_column][\/vc_row]<\/p>\n","protected":false},"author":1,"featured_media":0,"parent":641,"menu_order":0,"comment_status":"closed","ping_status":"closed","template":"page-numbrialus.php","meta":{"footnotes":""},"class_list":["post-669","page","type-page","status-publish","hentry"],"yoast_head":"<!-- This site is optimized with the Yoast SEO plugin v27.3 - https:\/\/yoast.com\/product\/yoast-seo-wordpress\/ -->\n<title>Suomen rekisterikilven taustalevy | Lilleplast | Eesti juhtiv numbrialuste tootja<\/title>\n<meta name=\"description\" content=\"Lilleplast tegeleb numbrim\u00e4rgialuste tootmisega. Oleme Eesti juhtiv numbrialuste tootja kasutades p\u00f5hjamaisele kliimale m\u00f5eldud ABS plastikut. Uuri lisa siit\" \/>\n<meta name=\"robots\" content=\"index, follow, max-snippet:-1, max-image-preview:large, max-video-preview:-1\" \/>\n<link rel=\"canonical\" href=\"https:\/\/www.lilleplast.ee\/fi\/tuotteet\/suomen-rekisterikilven-taustalevy\/\" \/>\n<meta property=\"og:locale\" content=\"fi_FI\" \/>\n<meta property=\"og:type\" content=\"article\" \/>\n<meta property=\"og:title\" content=\"Suomen rekisterikilven taustalevy | Lilleplast | Eesti juhtiv numbrialuste tootja\" \/>\n<meta property=\"og:description\" content=\"Lilleplast tegeleb numbrim\u00e4rgialuste tootmisega. Oleme Eesti juhtiv numbrialuste tootja kasutades p\u00f5hjamaisele kliimale m\u00f5eldud ABS plastikut. Uuri lisa siit\" \/>\n<meta property=\"og:url\" content=\"https:\/\/www.lilleplast.ee\/fi\/tuotteet\/suomen-rekisterikilven-taustalevy\/\" \/>\n<meta property=\"og:site_name\" content=\"Lilleplast | Eesti juhtiv numbrialuste tootja\" \/>\n<meta property=\"article:modified_time\" content=\"2023-04-19T20:45:03+00:00\" \/>\n<meta name=\"twitter:card\" content=\"summary_large_image\" \/>\n<meta name=\"twitter:label1\" content=\"Arvioitu lukuaika\" \/>\n\t<meta name=\"twitter:data1\" content=\"1 minuutti\" \/>\n<script type=\"application\/ld+json\" class=\"yoast-schema-graph\">{\"@context\":\"https:\\\/\\\/schema.org\",\"@graph\":[{\"@type\":\"WebPage\",\"@id\":\"https:\\\/\\\/www.lilleplast.ee\\\/fi\\\/tuotteet\\\/suomen-rekisterikilven-taustalevy\\\/\",\"url\":\"https:\\\/\\\/www.lilleplast.ee\\\/fi\\\/tuotteet\\\/suomen-rekisterikilven-taustalevy\\\/\",\"name\":\"Suomen rekisterikilven taustalevy | Lilleplast | Eesti juhtiv numbrialuste tootja\",\"isPartOf\":{\"@id\":\"https:\\\/\\\/lilleplast.ee\\\/#website\"},\"datePublished\":\"2018-01-18T13:01:02+00:00\",\"dateModified\":\"2023-04-19T20:45:03+00:00\",\"description\":\"Lilleplast tegeleb numbrim\u00e4rgialuste tootmisega. Oleme Eesti juhtiv numbrialuste tootja kasutades p\u00f5hjamaisele kliimale m\u00f5eldud ABS plastikut. Uuri lisa siit\",\"breadcrumb\":{\"@id\":\"https:\\\/\\\/www.lilleplast.ee\\\/fi\\\/tuotteet\\\/suomen-rekisterikilven-taustalevy\\\/#breadcrumb\"},\"inLanguage\":\"fi\",\"potentialAction\":[{\"@type\":\"ReadAction\",\"target\":[\"https:\\\/\\\/www.lilleplast.ee\\\/fi\\\/tuotteet\\\/suomen-rekisterikilven-taustalevy\\\/\"]}]},{\"@type\":\"BreadcrumbList\",\"@id\":\"https:\\\/\\\/www.lilleplast.ee\\\/fi\\\/tuotteet\\\/suomen-rekisterikilven-taustalevy\\\/#breadcrumb\",\"itemListElement\":[{\"@type\":\"ListItem\",\"position\":1,\"name\":\"Home\",\"item\":\"https:\\\/\\\/www.lilleplast.ee\\\/fi\\\/\"},{\"@type\":\"ListItem\",\"position\":2,\"name\":\"Tuotteet\",\"item\":\"https:\\\/\\\/www.lilleplast.ee\\\/fi\\\/tuotteet\\\/\"},{\"@type\":\"ListItem\",\"position\":3,\"name\":\"Suomen rekisterikilven taustalevy\"}]},{\"@type\":\"WebSite\",\"@id\":\"https:\\\/\\\/lilleplast.ee\\\/#website\",\"url\":\"https:\\\/\\\/lilleplast.ee\\\/\",\"name\":\"Lilleplast | Eesti juhtiv numbrialuste tootja\",\"description\":\"Eesti juhtiv numbrialuste tootja\",\"potentialAction\":[{\"@type\":\"SearchAction\",\"target\":{\"@type\":\"EntryPoint\",\"urlTemplate\":\"https:\\\/\\\/lilleplast.ee\\\/?s={search_term_string}\"},\"query-input\":{\"@type\":\"PropertyValueSpecification\",\"valueRequired\":true,\"valueName\":\"search_term_string\"}}],\"inLanguage\":\"fi\"}]}<\/script>\n<!-- \/ Yoast SEO plugin. -->","yoast_head_json":{"title":"Suomen rekisterikilven taustalevy | Lilleplast | Eesti juhtiv numbrialuste tootja","description":"Lilleplast tegeleb numbrim\u00e4rgialuste tootmisega. Oleme Eesti juhtiv numbrialuste tootja kasutades p\u00f5hjamaisele kliimale m\u00f5eldud ABS plastikut. Uuri lisa siit","robots":{"index":"index","follow":"follow","max-snippet":"max-snippet:-1","max-image-preview":"max-image-preview:large","max-video-preview":"max-video-preview:-1"},"canonical":"https:\/\/www.lilleplast.ee\/fi\/tuotteet\/suomen-rekisterikilven-taustalevy\/","og_locale":"fi_FI","og_type":"article","og_title":"Suomen rekisterikilven taustalevy | Lilleplast | Eesti juhtiv numbrialuste tootja","og_description":"Lilleplast tegeleb numbrim\u00e4rgialuste tootmisega. Oleme Eesti juhtiv numbrialuste tootja kasutades p\u00f5hjamaisele kliimale m\u00f5eldud ABS plastikut. Uuri lisa siit","og_url":"https:\/\/www.lilleplast.ee\/fi\/tuotteet\/suomen-rekisterikilven-taustalevy\/","og_site_name":"Lilleplast | Eesti juhtiv numbrialuste tootja","article_modified_time":"2023-04-19T20:45:03+00:00","twitter_card":"summary_large_image","twitter_misc":{"Arvioitu lukuaika":"1 minuutti"},"schema":{"@context":"https:\/\/schema.org","@graph":[{"@type":"WebPage","@id":"https:\/\/www.lilleplast.ee\/fi\/tuotteet\/suomen-rekisterikilven-taustalevy\/","url":"https:\/\/www.lilleplast.ee\/fi\/tuotteet\/suomen-rekisterikilven-taustalevy\/","name":"Suomen rekisterikilven taustalevy | Lilleplast | Eesti juhtiv numbrialuste tootja","isPartOf":{"@id":"https:\/\/lilleplast.ee\/#website"},"datePublished":"2018-01-18T13:01:02+00:00","dateModified":"2023-04-19T20:45:03+00:00","description":"Lilleplast tegeleb numbrim\u00e4rgialuste tootmisega. Oleme Eesti juhtiv numbrialuste tootja kasutades p\u00f5hjamaisele kliimale m\u00f5eldud ABS plastikut. Uuri lisa siit","breadcrumb":{"@id":"https:\/\/www.lilleplast.ee\/fi\/tuotteet\/suomen-rekisterikilven-taustalevy\/#breadcrumb"},"inLanguage":"fi","potentialAction":[{"@type":"ReadAction","target":["https:\/\/www.lilleplast.ee\/fi\/tuotteet\/suomen-rekisterikilven-taustalevy\/"]}]},{"@type":"BreadcrumbList","@id":"https:\/\/www.lilleplast.ee\/fi\/tuotteet\/suomen-rekisterikilven-taustalevy\/#breadcrumb","itemListElement":[{"@type":"ListItem","position":1,"name":"Home","item":"https:\/\/www.lilleplast.ee\/fi\/"},{"@type":"ListItem","position":2,"name":"Tuotteet","item":"https:\/\/www.lilleplast.ee\/fi\/tuotteet\/"},{"@type":"ListItem","position":3,"name":"Suomen rekisterikilven taustalevy"}]},{"@type":"WebSite","@id":"https:\/\/lilleplast.ee\/#website","url":"https:\/\/lilleplast.ee\/","name":"Lilleplast | Eesti juhtiv numbrialuste tootja","description":"Eesti juhtiv numbrialuste tootja","potentialAction":[{"@type":"SearchAction","target":{"@type":"EntryPoint","urlTemplate":"https:\/\/lilleplast.ee\/?s={search_term_string}"},"query-input":{"@type":"PropertyValueSpecification","valueRequired":true,"valueName":"search_term_string"}}],"inLanguage":"fi"}]}},"_links":{"self":[{"href":"https:\/\/www.lilleplast.ee\/fi\/wp-json\/wp\/v2\/pages\/669","targetHints":{"allow":["GET"]}}],"collection":[{"href":"https:\/\/www.lilleplast.ee\/fi\/wp-json\/wp\/v2\/pages"}],"about":[{"href":"https:\/\/www.lilleplast.ee\/fi\/wp-json\/wp\/v2\/types\/page"}],"author":[{"embeddable":true,"href":"https:\/\/www.lilleplast.ee\/fi\/wp-json\/wp\/v2\/users\/1"}],"replies":[{"embeddable":true,"href":"https:\/\/www.lilleplast.ee\/fi\/wp-json\/wp\/v2\/comments?post=669"}],"version-history":[{"count":4,"href":"https:\/\/www.lilleplast.ee\/fi\/wp-json\/wp\/v2\/pages\/669\/revisions"}],"predecessor-version":[{"id":1302,"href":"https:\/\/www.lilleplast.ee\/fi\/wp-json\/wp\/v2\/pages\/669\/revisions\/1302"}],"up":[{"embeddable":true,"href":"https:\/\/www.lilleplast.ee\/fi\/wp-json\/wp\/v2\/pages\/641"}],"wp:attachment":[{"href":"https:\/\/www.lilleplast.ee\/fi\/wp-json\/wp\/v2\/media?parent=669"}],"curies":[{"name":"wp","href":"https:\/\/api.w.org\/{rel}","templated":true}]}}