{"id":631,"date":"2018-01-18T14:16:23","date_gmt":"2018-01-18T12:16:23","guid":{"rendered":"https:\/\/www.lilleplast.ee\/?page_id=631"},"modified":"2023-04-19T23:56:10","modified_gmt":"2023-04-19T20:56:10","slug":"yhteystiedot","status":"publish","type":"page","link":"https:\/\/www.lilleplast.ee\/fi\/yhteystiedot\/","title":{"rendered":"Yhteystiedot"},"content":{"rendered":"<div class=\"wpb-content-wrapper\">[vc_row][vc_column][vc_column_text]\n<h2>Lilleplast O\u00dc<\/h2>\n<p>Laari, Toomja k\u00fcla, Rapla vald, Rapla maakond 79323<br \/>\n<strong>Puhelin:<\/strong> +372 50 32\u00a0656; +372 52 51\u00a0742.<br \/>\n<strong>S-posti:<\/strong> info@lilleplast.ee<\/p>\n<p><a href=\"https:\/\/www.lilleplast.ee\/wp-content\/uploads\/2019\/08\/AAA-2019-ENG.pdf\"><img loading=\"lazy\" decoding=\"async\" class=\"alignnone size-full wp-image-1098\" src=\"https:\/\/www.lilleplast.ee\/wp-content\/uploads\/2019\/08\/landscape_w-3.png\" alt=\"\" width=\"280\" height=\"75\" \/><\/a><\/p>\n<p><strong><br \/>\nRekisterinumero: <\/strong>11456878<strong><br \/>\nArvonlis\u00e4verovelvollisen numero: <\/strong>EE101199315<strong><br \/>\n<strong>Swedbank:<\/strong><\/strong>EE442200221039479520<strong><br \/>\n<strong>SWIFT:\u00a0<\/strong><\/strong>HABAEE2X<strong><br \/>\nY-tunnus: <\/strong>11456878<strong><br \/>\nALV-numero: <\/strong>EE101199315[\/vc_column_text][\/vc_column][\/vc_row]\n<\/div>","protected":false},"excerpt":{"rendered":"<p>[vc_row][vc_column][vc_column_text] Lilleplast O\u00dc Laari, Toomja k\u00fcla, Rapla vald, Rapla maakond 79323 Puhelin: +372 50 32\u00a0656; +372 52 51\u00a0742. S-posti: info@lilleplast.ee Rekisterinumero: 11456878 Arvonlis\u00e4verovelvollisen numero: EE101199315 Swedbank:EE442200221039479520 SWIFT:\u00a0HABAEE2X Y-tunnus: 11456878 ALV-numero: EE101199315[\/vc_column_text][\/vc_column][\/vc_row]<\/p>\n","protected":false},"author":1,"featured_media":0,"parent":0,"menu_order":0,"comment_status":"closed","ping_status":"closed","template":"","meta":{"footnotes":""},"class_list":["post-631","page","type-page","status-publish","hentry"],"yoast_head":"<!-- This site is optimized with the Yoast SEO plugin v27.5 - https:\/\/yoast.com\/product\/yoast-seo-wordpress\/ -->\n<title>Yhteystiedot | Lilleplast | Eesti juhtiv numbrialuste tootja<\/title>\n<meta name=\"description\" content=\"Lilleplast tegeleb numbrim\u00e4rgialuste tootmisega. Oleme Eesti juhtiv numbrialuste tootja kasutades p\u00f5hjamaisele kliimale m\u00f5eldud ABS plastikut. Uuri lisa siit\" \/>\n<meta name=\"robots\" content=\"index, follow, max-snippet:-1, max-image-preview:large, max-video-preview:-1\" \/>\n<link rel=\"canonical\" href=\"https:\/\/lilleplast.ee\/fi\/yhteystiedot\/\" \/>\n<meta property=\"og:locale\" content=\"fi_FI\" \/>\n<meta property=\"og:type\" content=\"article\" \/>\n<meta property=\"og:title\" content=\"Yhteystiedot | Lilleplast | Eesti juhtiv numbrialuste tootja\" \/>\n<meta property=\"og:description\" content=\"Lilleplast tegeleb numbrim\u00e4rgialuste tootmisega. Oleme Eesti juhtiv numbrialuste tootja kasutades p\u00f5hjamaisele kliimale m\u00f5eldud ABS plastikut. Uuri lisa siit\" \/>\n<meta property=\"og:url\" content=\"https:\/\/lilleplast.ee\/fi\/yhteystiedot\/\" \/>\n<meta property=\"og:site_name\" content=\"Lilleplast | Eesti juhtiv numbrialuste tootja\" \/>\n<meta property=\"article:modified_time\" content=\"2023-04-19T20:56:10+00:00\" \/>\n<meta property=\"og:image\" content=\"https:\/\/www.lilleplast.ee\/wp-content\/uploads\/2019\/08\/landscape_w-3.png\" \/>\n<meta name=\"twitter:card\" content=\"summary_large_image\" \/>\n<meta name=\"twitter:label1\" content=\"Arvioitu lukuaika\" \/>\n\t<meta name=\"twitter:data1\" content=\"1 minuutti\" \/>\n<script type=\"application\/ld+json\" class=\"yoast-schema-graph\">{\"@context\":\"https:\\\/\\\/schema.org\",\"@graph\":[{\"@type\":\"WebPage\",\"@id\":\"https:\\\/\\\/lilleplast.ee\\\/fi\\\/yhteystiedot\\\/\",\"url\":\"https:\\\/\\\/lilleplast.ee\\\/fi\\\/yhteystiedot\\\/\",\"name\":\"Yhteystiedot | Lilleplast | Eesti juhtiv numbrialuste tootja\",\"isPartOf\":{\"@id\":\"https:\\\/\\\/lilleplast.ee\\\/#website\"},\"primaryImageOfPage\":{\"@id\":\"https:\\\/\\\/lilleplast.ee\\\/fi\\\/yhteystiedot\\\/#primaryimage\"},\"image\":{\"@id\":\"https:\\\/\\\/lilleplast.ee\\\/fi\\\/yhteystiedot\\\/#primaryimage\"},\"thumbnailUrl\":\"https:\\\/\\\/www.lilleplast.ee\\\/wp-content\\\/uploads\\\/2019\\\/08\\\/landscape_w-3.png\",\"datePublished\":\"2018-01-18T12:16:23+00:00\",\"dateModified\":\"2023-04-19T20:56:10+00:00\",\"description\":\"Lilleplast tegeleb numbrim\u00e4rgialuste tootmisega. Oleme Eesti juhtiv numbrialuste tootja kasutades p\u00f5hjamaisele kliimale m\u00f5eldud ABS plastikut. Uuri lisa siit\",\"breadcrumb\":{\"@id\":\"https:\\\/\\\/lilleplast.ee\\\/fi\\\/yhteystiedot\\\/#breadcrumb\"},\"inLanguage\":\"fi\",\"potentialAction\":[{\"@type\":\"ReadAction\",\"target\":[\"https:\\\/\\\/lilleplast.ee\\\/fi\\\/yhteystiedot\\\/\"]}]},{\"@type\":\"ImageObject\",\"inLanguage\":\"fi\",\"@id\":\"https:\\\/\\\/lilleplast.ee\\\/fi\\\/yhteystiedot\\\/#primaryimage\",\"url\":\"https:\\\/\\\/www.lilleplast.ee\\\/wp-content\\\/uploads\\\/2019\\\/08\\\/landscape_w-3.png\",\"contentUrl\":\"https:\\\/\\\/www.lilleplast.ee\\\/wp-content\\\/uploads\\\/2019\\\/08\\\/landscape_w-3.png\"},{\"@type\":\"BreadcrumbList\",\"@id\":\"https:\\\/\\\/lilleplast.ee\\\/fi\\\/yhteystiedot\\\/#breadcrumb\",\"itemListElement\":[{\"@type\":\"ListItem\",\"position\":1,\"name\":\"Home\",\"item\":\"https:\\\/\\\/www.lilleplast.ee\\\/fi\\\/\"},{\"@type\":\"ListItem\",\"position\":2,\"name\":\"Yhteystiedot\"}]},{\"@type\":\"WebSite\",\"@id\":\"https:\\\/\\\/lilleplast.ee\\\/#website\",\"url\":\"https:\\\/\\\/lilleplast.ee\\\/\",\"name\":\"Lilleplast | Eesti juhtiv numbrialuste tootja\",\"description\":\"Eesti juhtiv numbrialuste tootja\",\"potentialAction\":[{\"@type\":\"SearchAction\",\"target\":{\"@type\":\"EntryPoint\",\"urlTemplate\":\"https:\\\/\\\/lilleplast.ee\\\/?s={search_term_string}\"},\"query-input\":{\"@type\":\"PropertyValueSpecification\",\"valueRequired\":true,\"valueName\":\"search_term_string\"}}],\"inLanguage\":\"fi\"}]}<\/script>\n<!-- \/ Yoast SEO plugin. -->","yoast_head_json":{"title":"Yhteystiedot | Lilleplast | Eesti juhtiv numbrialuste tootja","description":"Lilleplast tegeleb numbrim\u00e4rgialuste tootmisega. Oleme Eesti juhtiv numbrialuste tootja kasutades p\u00f5hjamaisele kliimale m\u00f5eldud ABS plastikut. Uuri lisa siit","robots":{"index":"index","follow":"follow","max-snippet":"max-snippet:-1","max-image-preview":"max-image-preview:large","max-video-preview":"max-video-preview:-1"},"canonical":"https:\/\/lilleplast.ee\/fi\/yhteystiedot\/","og_locale":"fi_FI","og_type":"article","og_title":"Yhteystiedot | Lilleplast | Eesti juhtiv numbrialuste tootja","og_description":"Lilleplast tegeleb numbrim\u00e4rgialuste tootmisega. Oleme Eesti juhtiv numbrialuste tootja kasutades p\u00f5hjamaisele kliimale m\u00f5eldud ABS plastikut. Uuri lisa siit","og_url":"https:\/\/lilleplast.ee\/fi\/yhteystiedot\/","og_site_name":"Lilleplast | Eesti juhtiv numbrialuste tootja","article_modified_time":"2023-04-19T20:56:10+00:00","og_image":[{"url":"https:\/\/www.lilleplast.ee\/wp-content\/uploads\/2019\/08\/landscape_w-3.png","type":"","width":"","height":""}],"twitter_card":"summary_large_image","twitter_misc":{"Arvioitu lukuaika":"1 minuutti"},"schema":{"@context":"https:\/\/schema.org","@graph":[{"@type":"WebPage","@id":"https:\/\/lilleplast.ee\/fi\/yhteystiedot\/","url":"https:\/\/lilleplast.ee\/fi\/yhteystiedot\/","name":"Yhteystiedot | Lilleplast | Eesti juhtiv numbrialuste tootja","isPartOf":{"@id":"https:\/\/lilleplast.ee\/#website"},"primaryImageOfPage":{"@id":"https:\/\/lilleplast.ee\/fi\/yhteystiedot\/#primaryimage"},"image":{"@id":"https:\/\/lilleplast.ee\/fi\/yhteystiedot\/#primaryimage"},"thumbnailUrl":"https:\/\/www.lilleplast.ee\/wp-content\/uploads\/2019\/08\/landscape_w-3.png","datePublished":"2018-01-18T12:16:23+00:00","dateModified":"2023-04-19T20:56:10+00:00","description":"Lilleplast tegeleb numbrim\u00e4rgialuste tootmisega. Oleme Eesti juhtiv numbrialuste tootja kasutades p\u00f5hjamaisele kliimale m\u00f5eldud ABS plastikut. Uuri lisa siit","breadcrumb":{"@id":"https:\/\/lilleplast.ee\/fi\/yhteystiedot\/#breadcrumb"},"inLanguage":"fi","potentialAction":[{"@type":"ReadAction","target":["https:\/\/lilleplast.ee\/fi\/yhteystiedot\/"]}]},{"@type":"ImageObject","inLanguage":"fi","@id":"https:\/\/lilleplast.ee\/fi\/yhteystiedot\/#primaryimage","url":"https:\/\/www.lilleplast.ee\/wp-content\/uploads\/2019\/08\/landscape_w-3.png","contentUrl":"https:\/\/www.lilleplast.ee\/wp-content\/uploads\/2019\/08\/landscape_w-3.png"},{"@type":"BreadcrumbList","@id":"https:\/\/lilleplast.ee\/fi\/yhteystiedot\/#breadcrumb","itemListElement":[{"@type":"ListItem","position":1,"name":"Home","item":"https:\/\/www.lilleplast.ee\/fi\/"},{"@type":"ListItem","position":2,"name":"Yhteystiedot"}]},{"@type":"WebSite","@id":"https:\/\/lilleplast.ee\/#website","url":"https:\/\/lilleplast.ee\/","name":"Lilleplast | Eesti juhtiv numbrialuste tootja","description":"Eesti juhtiv numbrialuste tootja","potentialAction":[{"@type":"SearchAction","target":{"@type":"EntryPoint","urlTemplate":"https:\/\/lilleplast.ee\/?s={search_term_string}"},"query-input":{"@type":"PropertyValueSpecification","valueRequired":true,"valueName":"search_term_string"}}],"inLanguage":"fi"}]}},"_links":{"self":[{"href":"https:\/\/www.lilleplast.ee\/fi\/wp-json\/wp\/v2\/pages\/631","targetHints":{"allow":["GET"]}}],"collection":[{"href":"https:\/\/www.lilleplast.ee\/fi\/wp-json\/wp\/v2\/pages"}],"about":[{"href":"https:\/\/www.lilleplast.ee\/fi\/wp-json\/wp\/v2\/types\/page"}],"author":[{"embeddable":true,"href":"https:\/\/www.lilleplast.ee\/fi\/wp-json\/wp\/v2\/users\/1"}],"replies":[{"embeddable":true,"href":"https:\/\/www.lilleplast.ee\/fi\/wp-json\/wp\/v2\/comments?post=631"}],"version-history":[{"count":5,"href":"https:\/\/www.lilleplast.ee\/fi\/wp-json\/wp\/v2\/pages\/631\/revisions"}],"predecessor-version":[{"id":1317,"href":"https:\/\/www.lilleplast.ee\/fi\/wp-json\/wp\/v2\/pages\/631\/revisions\/1317"}],"wp:attachment":[{"href":"https:\/\/www.lilleplast.ee\/fi\/wp-json\/wp\/v2\/media?parent=631"}],"curies":[{"name":"wp","href":"https:\/\/api.w.org\/{rel}","templated":true}]}}