{"id":601,"date":"2018-01-18T13:21:50","date_gmt":"2018-01-18T11:21:50","guid":{"rendered":"https:\/\/www.lilleplast.ee\/?page_id=601"},"modified":"2018-02-05T08:18:17","modified_gmt":"2018-02-05T06:18:17","slug":"about","status":"publish","type":"page","link":"https:\/\/www.lilleplast.ee\/en\/about\/","title":{"rendered":"About"},"content":{"rendered":"<div class=\"wpb-content-wrapper\">[vc_row css=&#8221;.vc_custom_1516106733938{margin-bottom: 30px !important;}&#8221;][vc_column][vc_column_text]Welcome to lilleplast.ee. Our company&#8217;s core values are openness, progressiveness and dedication. The company was founded in 1987. Our main area of operation is making quality number plate frames for vehicles using high-durability ABS Plastic. In our desire to be a better and more professional partner for our customers, we are also open to various custom orders for plastic items. Thank you for choosing Lilleplast O\u00dc products.[\/vc_column_text][\/vc_column][\/vc_row][vc_row][vc_column width=&#8221;1\/3&#8243; css=&#8221;.vc_custom_1516106628788{margin-bottom: 25px !important;}&#8221;][vc_single_image image=&#8221;884&#8243; img_size=&#8221;150&#215;150&#8243; alignment=&#8221;center&#8221; css=&#8221;.vc_custom_1517811462915{margin-bottom: 10px !important;}&#8221;][vc_column_text]\n<p style=\"text-align: center;\"><strong>Pille Vare<\/strong><br \/>\nSales Manager<br \/>\n<strong>Phone:<\/strong> +372 503 2656<br \/>\n<strong>E-mail:<\/strong> info@lilleplast.ee<\/p>\n[\/vc_column_text][\/vc_column][vc_column width=&#8221;1\/3&#8243; css=&#8221;.vc_custom_1516106647229{margin-bottom: 25px !important;}&#8221;][vc_single_image image=&#8221;889&#8243; img_size=&#8221;150&#215;150&#8243; alignment=&#8221;center&#8221; css=&#8221;.vc_custom_1517811492606{margin-bottom: 10px !important;}&#8221;][vc_column_text]\n<p style=\"text-align: center;\"><strong>Gert M\u00e4ev\u00e4li<\/strong><br \/>\nMember of the Management Board<br \/>\n<strong>Phone:<\/strong> +372 525 1742<br \/>\n<strong>E-mail:<\/strong> gert@lilleplast.ee<\/p>\n[\/vc_column_text][\/vc_column][vc_column width=&#8221;1\/3&#8243; css=&#8221;.vc_custom_1516106658062{margin-bottom: 25px !important;}&#8221;][\/vc_column][\/vc_row]\n<\/div>","protected":false},"excerpt":{"rendered":"<p>[vc_row css=&#8221;.vc_custom_1516106733938{margin-bottom: 30px !important;}&#8221;][vc_column][vc_column_text]Welcome to lilleplast.ee. Our company&#8217;s core values are openness, progressiveness and dedication. The company was founded in 1987. Our main area of operation is making quality number plate frames for vehicles using high-durability ABS Plastic. In our desire to be a better and more professional partner for our customers, we are also&#8230;<\/p>\n","protected":false},"author":1,"featured_media":0,"parent":0,"menu_order":0,"comment_status":"closed","ping_status":"closed","template":"","meta":{"footnotes":""},"class_list":["post-601","page","type-page","status-publish","hentry"],"yoast_head":"<!-- This site is optimized with the Yoast SEO plugin v27.3 - https:\/\/yoast.com\/product\/yoast-seo-wordpress\/ -->\n<title>About | Lilleplast | Eesti juhtiv numbrialuste tootja<\/title>\n<meta name=\"description\" content=\"Lilleplast tegeleb numbrim\u00e4rgialuste tootmisega. Oleme Eesti juhtiv numbrialuste tootja kasutades p\u00f5hjamaisele kliimale m\u00f5eldud ABS plastikut. Uuri lisa siit\" \/>\n<meta name=\"robots\" content=\"index, follow, max-snippet:-1, max-image-preview:large, max-video-preview:-1\" \/>\n<link rel=\"canonical\" href=\"https:\/\/lilleplast.ee\/en\/about\/\" \/>\n<meta property=\"og:locale\" content=\"en_US\" \/>\n<meta property=\"og:type\" content=\"article\" \/>\n<meta property=\"og:title\" content=\"About | Lilleplast | Eesti juhtiv numbrialuste tootja\" \/>\n<meta property=\"og:description\" content=\"Lilleplast tegeleb numbrim\u00e4rgialuste tootmisega. Oleme Eesti juhtiv numbrialuste tootja kasutades p\u00f5hjamaisele kliimale m\u00f5eldud ABS plastikut. Uuri lisa siit\" \/>\n<meta property=\"og:url\" content=\"https:\/\/lilleplast.ee\/en\/about\/\" \/>\n<meta property=\"og:site_name\" content=\"Lilleplast | Eesti juhtiv numbrialuste tootja\" \/>\n<meta property=\"article:modified_time\" content=\"2018-02-05T06:18:17+00:00\" \/>\n<meta name=\"twitter:card\" content=\"summary_large_image\" \/>\n<meta name=\"twitter:label1\" content=\"Est. reading time\" \/>\n\t<meta name=\"twitter:data1\" content=\"1 minute\" \/>\n<script type=\"application\/ld+json\" class=\"yoast-schema-graph\">{\"@context\":\"https:\\\/\\\/schema.org\",\"@graph\":[{\"@type\":\"WebPage\",\"@id\":\"https:\\\/\\\/lilleplast.ee\\\/en\\\/about\\\/\",\"url\":\"https:\\\/\\\/lilleplast.ee\\\/en\\\/about\\\/\",\"name\":\"About | Lilleplast | Eesti juhtiv numbrialuste tootja\",\"isPartOf\":{\"@id\":\"https:\\\/\\\/lilleplast.ee\\\/#website\"},\"datePublished\":\"2018-01-18T11:21:50+00:00\",\"dateModified\":\"2018-02-05T06:18:17+00:00\",\"description\":\"Lilleplast tegeleb numbrim\u00e4rgialuste tootmisega. Oleme Eesti juhtiv numbrialuste tootja kasutades p\u00f5hjamaisele kliimale m\u00f5eldud ABS plastikut. Uuri lisa siit\",\"breadcrumb\":{\"@id\":\"https:\\\/\\\/lilleplast.ee\\\/en\\\/about\\\/#breadcrumb\"},\"inLanguage\":\"en-US\",\"potentialAction\":[{\"@type\":\"ReadAction\",\"target\":[\"https:\\\/\\\/lilleplast.ee\\\/en\\\/about\\\/\"]}]},{\"@type\":\"BreadcrumbList\",\"@id\":\"https:\\\/\\\/lilleplast.ee\\\/en\\\/about\\\/#breadcrumb\",\"itemListElement\":[{\"@type\":\"ListItem\",\"position\":1,\"name\":\"Home\",\"item\":\"https:\\\/\\\/www.lilleplast.ee\\\/en\\\/\"},{\"@type\":\"ListItem\",\"position\":2,\"name\":\"About\"}]},{\"@type\":\"WebSite\",\"@id\":\"https:\\\/\\\/lilleplast.ee\\\/#website\",\"url\":\"https:\\\/\\\/lilleplast.ee\\\/\",\"name\":\"Lilleplast | Eesti juhtiv numbrialuste tootja\",\"description\":\"Eesti juhtiv numbrialuste tootja\",\"potentialAction\":[{\"@type\":\"SearchAction\",\"target\":{\"@type\":\"EntryPoint\",\"urlTemplate\":\"https:\\\/\\\/lilleplast.ee\\\/?s={search_term_string}\"},\"query-input\":{\"@type\":\"PropertyValueSpecification\",\"valueRequired\":true,\"valueName\":\"search_term_string\"}}],\"inLanguage\":\"en-US\"}]}<\/script>\n<!-- \/ Yoast SEO plugin. -->","yoast_head_json":{"title":"About | Lilleplast | Eesti juhtiv numbrialuste tootja","description":"Lilleplast tegeleb numbrim\u00e4rgialuste tootmisega. Oleme Eesti juhtiv numbrialuste tootja kasutades p\u00f5hjamaisele kliimale m\u00f5eldud ABS plastikut. Uuri lisa siit","robots":{"index":"index","follow":"follow","max-snippet":"max-snippet:-1","max-image-preview":"max-image-preview:large","max-video-preview":"max-video-preview:-1"},"canonical":"https:\/\/lilleplast.ee\/en\/about\/","og_locale":"en_US","og_type":"article","og_title":"About | Lilleplast | Eesti juhtiv numbrialuste tootja","og_description":"Lilleplast tegeleb numbrim\u00e4rgialuste tootmisega. Oleme Eesti juhtiv numbrialuste tootja kasutades p\u00f5hjamaisele kliimale m\u00f5eldud ABS plastikut. Uuri lisa siit","og_url":"https:\/\/lilleplast.ee\/en\/about\/","og_site_name":"Lilleplast | Eesti juhtiv numbrialuste tootja","article_modified_time":"2018-02-05T06:18:17+00:00","twitter_card":"summary_large_image","twitter_misc":{"Est. reading time":"1 minute"},"schema":{"@context":"https:\/\/schema.org","@graph":[{"@type":"WebPage","@id":"https:\/\/lilleplast.ee\/en\/about\/","url":"https:\/\/lilleplast.ee\/en\/about\/","name":"About | Lilleplast | Eesti juhtiv numbrialuste tootja","isPartOf":{"@id":"https:\/\/lilleplast.ee\/#website"},"datePublished":"2018-01-18T11:21:50+00:00","dateModified":"2018-02-05T06:18:17+00:00","description":"Lilleplast tegeleb numbrim\u00e4rgialuste tootmisega. Oleme Eesti juhtiv numbrialuste tootja kasutades p\u00f5hjamaisele kliimale m\u00f5eldud ABS plastikut. Uuri lisa siit","breadcrumb":{"@id":"https:\/\/lilleplast.ee\/en\/about\/#breadcrumb"},"inLanguage":"en-US","potentialAction":[{"@type":"ReadAction","target":["https:\/\/lilleplast.ee\/en\/about\/"]}]},{"@type":"BreadcrumbList","@id":"https:\/\/lilleplast.ee\/en\/about\/#breadcrumb","itemListElement":[{"@type":"ListItem","position":1,"name":"Home","item":"https:\/\/www.lilleplast.ee\/en\/"},{"@type":"ListItem","position":2,"name":"About"}]},{"@type":"WebSite","@id":"https:\/\/lilleplast.ee\/#website","url":"https:\/\/lilleplast.ee\/","name":"Lilleplast | Eesti juhtiv numbrialuste tootja","description":"Eesti juhtiv numbrialuste tootja","potentialAction":[{"@type":"SearchAction","target":{"@type":"EntryPoint","urlTemplate":"https:\/\/lilleplast.ee\/?s={search_term_string}"},"query-input":{"@type":"PropertyValueSpecification","valueRequired":true,"valueName":"search_term_string"}}],"inLanguage":"en-US"}]}},"_links":{"self":[{"href":"https:\/\/www.lilleplast.ee\/en\/wp-json\/wp\/v2\/pages\/601","targetHints":{"allow":["GET"]}}],"collection":[{"href":"https:\/\/www.lilleplast.ee\/en\/wp-json\/wp\/v2\/pages"}],"about":[{"href":"https:\/\/www.lilleplast.ee\/en\/wp-json\/wp\/v2\/types\/page"}],"author":[{"embeddable":true,"href":"https:\/\/www.lilleplast.ee\/en\/wp-json\/wp\/v2\/users\/1"}],"replies":[{"embeddable":true,"href":"https:\/\/www.lilleplast.ee\/en\/wp-json\/wp\/v2\/comments?post=601"}],"version-history":[{"count":4,"href":"https:\/\/www.lilleplast.ee\/en\/wp-json\/wp\/v2\/pages\/601\/revisions"}],"predecessor-version":[{"id":894,"href":"https:\/\/www.lilleplast.ee\/en\/wp-json\/wp\/v2\/pages\/601\/revisions\/894"}],"wp:attachment":[{"href":"https:\/\/www.lilleplast.ee\/en\/wp-json\/wp\/v2\/media?parent=601"}],"curies":[{"name":"wp","href":"https:\/\/api.w.org\/{rel}","templated":true}]}}